{"id":26,"date":"2022-09-25T13:55:01","date_gmt":"2022-09-25T11:55:01","guid":{"rendered":"https:\/\/mp.emil.network\/hobbygrillershop\/?post_type=product&#038;p=26"},"modified":"2026-01-01T02:42:59","modified_gmt":"2026-01-01T01:42:59","slug":"schneidebrett-mit-saftrille","status":"publish","type":"product","link":"https:\/\/shop.hobby-griller.de\/?product=schneidebrett-mit-saftrille","title":{"rendered":"Schneidebrett mit Saftrille (auf Wunsch mit pers\u00f6nlicher Gravur)"},"content":{"rendered":"<div class=\"sub-title h2 mb-2\">Schneidebrett aus Akazienholz mit Saftrille (Mit Gravur personalisierbar)<\/div>\n<div><\/div>\n<div class=\"sub-title h2 mb-2\">Ma\u00dfe (H x B x T): 1,5 x 28 x 38 cm<\/div>\n<div class=\"product-description-details block\">\n<div><\/div>\n<div class=\"sub-title h3\">Die Highlights dieses Bretts:<\/div>\n<ul>\n<li>Es besitzt rundherum eine Saftrille, um austretende Fl\u00fcssigkeiten oder Fleischsaft aufzufangen.<\/li>\n<li>Es ist bereits mit Biofa-\u00d6l behandelt und somit dauerhaft feuchtigkeitsabweisend<\/li>\n<li>Es besitzt eine gute Gr\u00f6\u00dfe, um auch gr\u00f6\u00dfere Steaks zu tranchieren und evtl. sogar damit zu servieren.<\/li>\n<\/ul>\n<\/div>\n<p>Ein sehr sch\u00f6nes Brett f\u00fcr den t\u00e4glichen Gebrauch.<\/p>\n<p>&nbsp;<\/p>\n<p><strong>Wichtig!<\/strong> Schneidebretter aus Holz bitte niemals in die Sp\u00fclmaschine geben! Die Bretter werden am besten unter dem Wasserhahn mit einem nassen Microfasertuch gereinigt.<\/p>\n<p>Es handelt sich hierbei um ein Naturprodukt. Die Maserung und die Helligkeit k\u00f6nnen leicht variieren.<\/p>\n","protected":false},"excerpt":{"rendered":"<h2 class=\"lead\">Modernes Holzbrett aus Akazienholz<\/h2>\n","protected":false},"featured_media":204,"comment_status":"open","ping_status":"closed","template":"","meta":[],"product_brand":[],"product_cat":[19],"product_tag":[22,99,20],"class_list":{"0":"post-26","1":"product","2":"type-product","3":"status-publish","4":"has-post-thumbnail","6":"product_cat-schneidebretter","7":"product_tag-holzbrett","8":"product_tag-kuechenbrett","9":"product_tag-schneidebrett","11":"first","12":"instock","13":"shipping-taxable","14":"purchasable","15":"product-type-variable"},"jetpack_sharing_enabled":true,"_links":{"self":[{"href":"https:\/\/shop.hobby-griller.de\/index.php?rest_route=\/wp\/v2\/product\/26","targetHints":{"allow":["GET"]}}],"collection":[{"href":"https:\/\/shop.hobby-griller.de\/index.php?rest_route=\/wp\/v2\/product"}],"about":[{"href":"https:\/\/shop.hobby-griller.de\/index.php?rest_route=\/wp\/v2\/types\/product"}],"replies":[{"embeddable":true,"href":"https:\/\/shop.hobby-griller.de\/index.php?rest_route=%2Fwp%2Fv2%2Fcomments&post=26"}],"version-history":[{"count":7,"href":"https:\/\/shop.hobby-griller.de\/index.php?rest_route=\/wp\/v2\/product\/26\/revisions"}],"predecessor-version":[{"id":115,"href":"https:\/\/shop.hobby-griller.de\/index.php?rest_route=\/wp\/v2\/product\/26\/revisions\/115"}],"wp:featuredmedia":[{"embeddable":true,"href":"https:\/\/shop.hobby-griller.de\/index.php?rest_route=\/wp\/v2\/media\/204"}],"wp:attachment":[{"href":"https:\/\/shop.hobby-griller.de\/index.php?rest_route=%2Fwp%2Fv2%2Fmedia&parent=26"}],"wp:term":[{"taxonomy":"product_brand","embeddable":true,"href":"https:\/\/shop.hobby-griller.de\/index.php?rest_route=%2Fwp%2Fv2%2Fproduct_brand&post=26"},{"taxonomy":"product_cat","embeddable":true,"href":"https:\/\/shop.hobby-griller.de\/index.php?rest_route=%2Fwp%2Fv2%2Fproduct_cat&post=26"},{"taxonomy":"product_tag","embeddable":true,"href":"https:\/\/shop.hobby-griller.de\/index.php?rest_route=%2Fwp%2Fv2%2Fproduct_tag&post=26"}],"curies":[{"name":"wp","href":"https:\/\/api.w.org\/{rel}","templated":true}]}}